{"id":103,"date":"2014-07-04T09:23:11","date_gmt":"2014-07-04T09:23:11","guid":{"rendered":"http:\/\/energipolitisk.no\/?page_id=103"},"modified":"2014-07-23T11:37:31","modified_gmt":"2014-07-23T11:37:31","slug":"radgivingstjeneste","status":"publish","type":"page","link":"https:\/\/energipolitisk.no\/?page_id=103","title":{"rendered":"R\u00e5dgivingstjeneste"},"content":{"rendered":"<p><strong>ENERGIPOLITISK R\u00c5DGIVINGSTJENESTE<\/strong><\/p>\n<p><a href=\"http:\/\/energipolitisk.no\/wp-content\/uploads\/2014\/07\/512mb-002.jpg\"><img loading=\"lazy\" decoding=\"async\" class=\"alignleft wp-image-69 size-thumbnail\" src=\"http:\/\/energipolitisk.no\/wp-content\/uploads\/2014\/07\/512mb-002-150x150.jpg\" alt=\"Svein Roar Brunberg\" width=\"150\" height=\"150\" \/><\/a><br \/>\nBasert p\u00e5 35 \u00e5rs erfaring i energipolitisk forvaltning tilbyr jeg mine tjenester som r\u00e5dgiver innen energifeltet.<\/p>\n<p>&nbsp;<\/p>\n<p>&nbsp;<\/p>\n<p>&nbsp;<\/p>\n<p>R\u00e5dgivingen kan anta ulike former:<\/p>\n<ul>\n<li><strong>Samtalepartner<\/strong> for \u00e5 stimulere til \u00e5 se alle sider av en sak p\u00e5 et tidlig stadium eller som en <strong>kvalitetssikring<\/strong> underveis, gjerne male fanden p\u00e5 veggen om ingen andre gj\u00f8r det<\/li>\n<li><strong>Foredrag <\/strong>om utvalgte tema eller en mer generell gjennomgang av aktuell energipolitikk<\/li>\n<li><strong>Styreseminar<\/strong> hvor det fokuseres p\u00e5 en h\u00e5ndfull relevante energipolitiske tema for \u00e5 gi eierne bedre styringsinformasjon og \u00e5 rette fokus p\u00e5 usikre faktorer i fremtiden<\/li>\n<li><strong>Utredninger <\/strong>av problemstillinger av \u00f8konomisk karakter med energipolitiske vinklinger<\/li>\n<li><strong>Gjennom andre faglige milj\u00f8er <\/strong>jeg har samarbeid med kan jeg ogs\u00e5 legge til rette mer omfattende analytiske prosjekter.<\/li>\n<\/ul>\n<p>Min erfaring innen omr\u00e5det energipolitikk startet med min f\u00f8rste jobb i Milj\u00f8verndepartementet som konsulent i 1979. Den gangen var energipolitikken og energiforvaltningen preget av \u00f8kende milj\u00f8konflikter som toppet seg med Alta-saken omkring 1980. Det var f\u00f8r kraftmarkedet var p\u00e5tenkt og balansen mellom milj\u00f8hensyn og energibehov s\u00f8kte man gjennom \u00e5 utvikle den fysiske kontroll med ressursbruken.<\/p>\n<p>Ett \u00e5r tilbrakte jeg som overingeni\u00f8r i NVE. Et direktorat som den gang ikke hadde fanget opp de nye energipolitiske tankene som var p\u00e5 gang. Men jeg fikk en innsikt i m\u00e5ten kraftsystemet ble analysert, b\u00e5de teknisk og \u00f8konomisk. Det var til stor nytte da jeg flyttet tilbake til Milj\u00f8verndepartementet hvor jeg s\u00e5dde de f\u00f8rste tankene om et kraftmarked.<\/p>\n<p>Mine tre \u00e5r som spesialr\u00e5dgiver i Oljedirektoratet ga meg god innsikt i det tekniske og \u00f8konomiske grunnlaget for utformingen av investeringene i Nordsj\u00f8en.<\/p>\n<p>Sommeren 1988 ble jeg ansatt som byr\u00e5sjef i Olje- og energidepartementet med innf\u00f8ringen av kraftmarkedet som min hovedoppgave. B\u00e5de utformingen av dokumentene til Stortinget og utredninger av markedsplassen og delingen av Statkraft med etableringen av Statnett var viktige oppgaver. Fra 1993 hadde jeg ansvaret for b\u00e5de forskning, internasjonalt samarbeid, en\u00f8k og fornybare energikilder.<\/p>\n<p>Fra 2005 har jeg v\u00e6rt selvstendig n\u00e6ringsdrivende. I tillegg til \u00e5 skrive kronikker om energipolitiske tema i bladet ENERGI har jeg deltatt (alene eller sammen med andre) i prosjekter og\/eller foredrag for UD, NVE, akt\u00f8rer i kraftsektoren, Fjernvarmeforeningen, Innovasjon Norge og samarbeidet med SKM Market Predictor i Trondheim og enkelte organisasjoner.<\/p>\n<p>Mer detaljert og systematisk informasjon om mine tidligere gj\u00f8rem\u00e5l finnes i min <a title=\"Curriculum vitae  Svein Roar Brunborg\" href=\"http:\/\/energipolitisk.no\/detaljert-cv\/\">CV<\/a>.<\/p>\n<p>Kontakt meg via telefon: 906 22\u00a0764 eller e-post <a href=\"mailto:s-r-b@frisurf.no\">s-r-b@frisurf.no<\/a><\/p>\n","protected":false},"excerpt":{"rendered":"<p>ENERGIPOLITISK R\u00c5DGIVINGSTJENESTE Basert p\u00e5 35 \u00e5rs erfaring i energipolitisk forvaltning tilbyr jeg mine tjenester som r\u00e5dgiver innen energifeltet. &nbsp; &nbsp; &nbsp; R\u00e5dgivingen kan anta ulike former: Samtalepartner for \u00e5 stimulere til \u00e5 se alle sider av en sak p\u00e5 et tidlig stadium eller som en kvalitetssikring underveis, gjerne male fanden p\u00e5 veggen om ingen andre gj\u00f8r det Foredrag om utvalgte tema eller en mer generell gjennomgang av aktuell energipolitikk Styreseminar hvor det fokuseres p\u00e5 en h\u00e5ndfull relevante energipolitiske tema for<\/p>\n","protected":false},"author":1,"featured_media":0,"parent":9,"menu_order":6,"comment_status":"closed","ping_status":"closed","template":"","meta":{"footnotes":""},"class_list":["post-103","page","type-page","status-publish","hentry"],"_links":{"self":[{"href":"https:\/\/energipolitisk.no\/index.php?rest_route=\/wp\/v2\/pages\/103","targetHints":{"allow":["GET"]}}],"collection":[{"href":"https:\/\/energipolitisk.no\/index.php?rest_route=\/wp\/v2\/pages"}],"about":[{"href":"https:\/\/energipolitisk.no\/index.php?rest_route=\/wp\/v2\/types\/page"}],"author":[{"embeddable":true,"href":"https:\/\/energipolitisk.no\/index.php?rest_route=\/wp\/v2\/users\/1"}],"replies":[{"embeddable":true,"href":"https:\/\/energipolitisk.no\/index.php?rest_route=%2Fwp%2Fv2%2Fcomments&post=103"}],"version-history":[{"count":6,"href":"https:\/\/energipolitisk.no\/index.php?rest_route=\/wp\/v2\/pages\/103\/revisions"}],"predecessor-version":[{"id":117,"href":"https:\/\/energipolitisk.no\/index.php?rest_route=\/wp\/v2\/pages\/103\/revisions\/117"}],"up":[{"embeddable":true,"href":"https:\/\/energipolitisk.no\/index.php?rest_route=\/wp\/v2\/pages\/9"}],"wp:attachment":[{"href":"https:\/\/energipolitisk.no\/index.php?rest_route=%2Fwp%2Fv2%2Fmedia&parent=103"}],"curies":[{"name":"wp","href":"https:\/\/api.w.org\/{rel}","templated":true}]}}