{"id":22,"date":"2019-02-02T13:41:39","date_gmt":"2019-02-02T11:41:39","guid":{"rendered":"http:\/\/energipolitisk.no\/?page_id=22"},"modified":"2019-02-21T14:26:54","modified_gmt":"2019-02-21T12:26:54","slug":"detaljert-cv","status":"publish","type":"page","link":"https:\/\/energipolitisk.no\/?page_id=22","title":{"rendered":"Detaljert CV"},"content":{"rendered":"<p class=\"style5\"><strong><em><a href=\"http:\/\/energipolitisk.no\/wp-content\/uploads\/2019\/02\/IMG_4836-002.jpg\"><img loading=\"lazy\" decoding=\"async\" class=\"alignleft size-medium wp-image-743\" src=\"http:\/\/energipolitisk.no\/wp-content\/uploads\/2019\/02\/IMG_4836-002-300x289.jpg\" alt=\"IMG_4836 (002)\" width=\"300\" height=\"289\" \/><\/a><\/em><\/strong><\/p>\n<p><strong>Svein Roar Brunborg<\/strong><\/p>\n<p><strong>Personalia:<\/strong><\/p>\n<p>F\u00f8dt 14.september 1950, Kristiansand<\/p>\n<p>Kontoradresse: Meltzersgate 4, Oslo<\/p>\n<p>Privatadresse: Brageveien 3 b, 0452 OSLO<\/p>\n<p>Telefon, mobil: 906 22 764.<\/p>\n<p>E-post: s-r-b@frisurf.no<\/p>\n<p><strong>\u00a0<\/strong><\/p>\n<p>&nbsp;<\/p>\n<p><strong>En liten vandring gjennom min yrkeserfaring:<\/strong><\/p>\n<p>Jeg har 40 \u00e5rs erfaring fra arbeid med energipolitiske sp\u00f8rsm\u00e5l.<\/p>\n<p>Jeg studerte kjemi ved NTH (i dag heter det NTNU) et fag som gir en viktig faglig forst\u00e5else av energi som fenomen og hvordan det griper inn i viktige samfunnsprosesser. Etter milit\u00e6rtjeneste fortsatt jeg mine studier p\u00e5 NHH og fikk et grunnlag for \u00e5 forst\u00e5 ogs\u00e5 de \u00f8konomiske prosessene knyttet til energisektoren.<\/p>\n<p>Min f\u00f8rste jobb fikk jeg i Milj\u00f8verndepartementet (MD). F\u00f8rst en sommerjobb i 1978, men ble ansatt som konsulent ved Energikontoret i Ressursavdelingen \u00e5ret etter. Det var i en dramatisk periode i den nasjonale energipolitikken. Alta-saken var p\u00e5 sitt mest intense og ga meg innsikt i hvordan denne saken ble h\u00e5ndtert i det indre forvaltningsmilj\u00f8et. Det har preget min forst\u00e5else av samspillet mellom departement og samfunn. For \u00e5 unng\u00e5 kraftutbygging med et nasjonalt konfliktniv\u00e5 &#8211; som i Alta-saken &#8211; startet MD arbeidet med en &laquo;Samla Plan for Vassdragene&raquo; hvor jeg deltok. Som ledd i dette arbeidet h\u00f8rte jeg et foredrag hvor det ble tatt til orde for et mer nasjonalt kraftmarked som prioritere de billigste kraftprosjektene. Dette var tanker som passet godt inn i MDs arbeid med en samlet plan for vassdragene hvor alle aktuelle kraftprosjekter ble sortert og prioritert slik at de billigste og minst konfliktfylte og mest milj\u00f8vennlige prosjektene skulle prioriteres f\u00f8rst. Men MDs problem var lokale kraftmonopoler med oppdekkingplikt for str\u00f8m og frav\u00e6r av felles nasjonal prioritering av kraftinvesteringer, noe et nasjonalt kraftmarked kunne sikre. Jeg fikk derfor skrevet inn i den kommende stortingsmeldingen om Samlet Plan et lite avsnitt om behovet for, og nytten av, et nasjonalt kraftmarked. Denne teksten blir av flere (ogs\u00e5 NVE) sett p\u00e5 som starten p\u00e5 arbeidet med energiloven.<\/p>\n<p>Et dr\u00f8yt \u00e5r var jeg ansatt som overingeni\u00f8r i NVE (Norges vassdrags og energidirektorat). Der fikk jeg innsikt b\u00e5de i dette direktoratets kultur og milj\u00f8 og l\u00e6rte mye om hvordan kraftforsyningen den gang tenkte og forsto sin samfunnsrolle. Dagens NVE representerer p\u00e5 de fleste omr\u00e5der en annerledes kultur og fagkompetanse. \u00d8konomi har erstattet teknologisk forst\u00e5else &#8211; p\u00e5 godt og ondt.<\/p>\n<p>Fra 1985 til 1988 var jeg ansatt som spesialr\u00e5dgiver i Oljedirektoratet i Stavanger. De faglige samtalene dreide seg plutselig om milliarder og ikke millioner som i MD. Jeg deltok i vurderinger av samfunns\u00f8konomiske l\u00f8sninger for en rekke enkeltst\u00e5ende oljefelt. Men vel s\u00e5 viktig var det \u00e5 p\u00e5virke utforming og samarbeid mellom n\u00e6rliggende oljefunn slik at nytten for det norske samfunnet preget l\u00f8sningene og ikke de \u00f8konomiske interessene til oljeselskapene. Oljeselskaper eide ulike andeler av felt som kunne samarbeide og hvert selskap trakk sine utbyggingsplaner i ulike retninger. Direktoratets rolle var \u00e5 skj\u00e6re igjennom partenes uenighet og legge tilrette for teknologiske l\u00f8sninger som var gunstige for Norge som nasjon. Denne rollen har bidratt til en stor andel av oljefondets verdi. Verdien av oljefondet skyldes ikke bare mengden olje under havbunnen og oljeprisens niv\u00e5, men vel s\u00e5 mye at Norge som nasjon tok kontroll og satset p\u00e5 egen oljekompetanse p\u00e5 h\u00f8yt niv\u00e5.<\/p>\n<p>Jeg bidro ogs\u00e5 til en ny m\u00e5te \u00e5 prioritere valg av letebr\u00f8nner. Vi klarte \u00e5 sette en verdi p\u00e5 hvert forslag til pr\u00f8veboringer uten av vi visste hvor mye olje som ville bli funnet. Jeg har med tilfredshet konstatert at v\u00e5r metode brukes den dag i dag.<\/p>\n<p>Sommeren 1989 ble jeg ansatt som byr\u00e5sjef i Olje- og energidepartementet. Fra september og til jul var jeg sekret\u00e6r for en intern arbeidsgruppe som skulle lage en strategi for et nasjonalt kraftmarked. Mitt &laquo;bidrag&raquo; til &laquo;Samlet Plan&raquo; var en god start p\u00e5 dette arbeidet som endte opp med notat til statsr\u00e5den med skisse til et slikt marked. Arbeidet med en stortingsproposisjon om ny energilov startet derfor opp p\u00e5 ny\u00e5ret 1989 og jeg var en sentral medarbeider, faktisk den eneste som hadde dette som heldags hovedoppgave. P\u00e5 grunn av stortingsvalget h\u00f8sten 1989 ble det ingen stortingsbehandling, men vi startet i oktober 1989 utarbeiding av ny lovproposisjon under en ny borgerlig regjering. Denne loven ble vedtatt av Stortinget juni 1990.<\/p>\n<p>Fram til \u00e5rsskiftet 1992\/3 jobbet jeg med utviklingen av kraftmarkedet, omorganiseringen av Statkraft og etableringen av Statnett SF &#8211; det f\u00f8rste statsforetaket som ble stiftet. Fra 1993 til 2004 var jeg avdelingsdirekt\u00f8r og ledet blant annet en seksjon som hadde ansvar for en\u00f8k, fornybar energi, energiforskning og noe internasjonalt energisamarbeid.<\/p>\n<p>Fra 2004 har jeg v\u00e6rt selvstendig n\u00e6ringsdrivende som r\u00e5dgiver innen energisp\u00f8rsm\u00e5l.<\/p>\n<p>Som en generell oppsummering: <strong>Mitt hovedarbeidsfelt har v\u00e6rt offentlig energiforvaltning og energisektorens virkem\u00e5te. Viktige kompetanseomr\u00e5der er kraftmarkedssp\u00f8rsm\u00e5l, energi\u00f8konomisering, fornybar energi, milj\u00f8konsekvenser av energitiltak, forskning og internasjonalt energisamarbeid.<\/strong><\/p>\n<p>&nbsp;<\/p>\n<p><strong>Karriereresyme:<\/strong><\/p>\n<p>2005 \u2013 \u00a0 \u00a0\u00a0\u00a0\u00a0\u00a0\u00a0\u00a0\u00a0\u00a0\u00a0\u00a0\u00a0\u00a0\u00a0\u00a0\u00a0\u00a0\u00a0\u00a0\u00a0\u00a0\u00a0\u00a0\u00a0\u00a0\u00a0\u00a0\u00a0\u00a0\u00a0 Selvstendig n\u00e6ringsdrivende<\/p>\n<p>1993 \u2013 2004\u00a0\u00a0\u00a0\u00a0\u00a0\u00a0\u00a0\u00a0\u00a0\u00a0\u00a0\u00a0\u00a0\u00a0\u00a0\u00a0\u00a0\u00a0\u00a0\u00a0\u00a0\u00a0\u00a0 Avdelingsdirekt\u00f8r i Olje- og energidepartementet<\/p>\n<p>1988 \u2013 1993\u00a0\u00a0\u00a0\u00a0\u00a0\u00a0\u00a0\u00a0\u00a0\u00a0\u00a0\u00a0\u00a0\u00a0\u00a0\u00a0\u00a0\u00a0\u00a0\u00a0\u00a0\u00a0\u00a0 Byr\u00e5sjef i Olje- og energidepartementet<\/p>\n<p>1985 \u2013 1988\u00a0\u00a0\u00a0\u00a0\u00a0\u00a0\u00a0\u00a0\u00a0\u00a0\u00a0\u00a0\u00a0\u00a0\u00a0\u00a0\u00a0\u00a0\u00a0\u00a0\u00a0\u00a0\u00a0 Spesialr\u00e5dgiver i Oljedirektoratet<\/p>\n<p>1983 \u2013 1984\u00a0\u00a0\u00a0\u00a0\u00a0\u00a0\u00a0\u00a0\u00a0\u00a0\u00a0\u00a0\u00a0\u00a0\u00a0\u00a0\u00a0\u00a0\u00a0\u00a0\u00a0\u00a0\u00a0 Overingeni\u00f8r i NVE<\/p>\n<p>1979 \u2013 1985\u00a0\u00a0\u00a0\u00a0\u00a0\u00a0\u00a0\u00a0\u00a0\u00a0\u00a0\u00a0\u00a0\u00a0\u00a0\u00a0\u00a0\u00a0\u00a0\u00a0\u00a0\u00a0\u00a0 Konsulent i Milj\u00f8verndepartementet<\/p>\n<p>1978 \u2013 1979\u00a0\u00a0\u00a0\u00a0\u00a0\u00a0\u00a0\u00a0\u00a0\u00a0\u00a0\u00a0\u00a0\u00a0\u00a0\u00a0\u00a0\u00a0\u00a0\u00a0\u00a0\u00a0\u00a0 Lektor, Sl\u00e5tthaug videreg\u00e5ende skole, Bergen<\/p>\n<p>&nbsp;<\/p>\n<p><strong>Utdanning:<\/strong><\/p>\n<p>Sivilingeni\u00f8r, Kjemiteknikk, NTH 1974<\/p>\n<p>Sivil\u00f8konom, NHH 1978<\/p>\n<p><strong>\u00a0<\/strong><\/p>\n<p><strong>Litt supplerende om innholdet i min jobberfaring<\/strong><\/p>\n<p><strong>2005- til i dag\u00a0\u00a0\u00a0 Selvstendig n\u00e6ringsdrivende, enkeltmannsforetak<\/strong><\/p>\n<p>Siden 2007 har jeg fungert som uavhengig kronik\u00f8r for fagbladet ENERGI. Det har fram til i dag (februar 2014) f\u00f8rt til opp mot ett hundre kronikker om mange ulike energipolitiske emner. Som selvstendig r\u00e5dgiver har jeg holdt en rekke foredrag, b\u00e5de for kraftbransjen, organisasjoner og foreninger.<\/p>\n<p>Jeg har alene eller sammen med andre hatt oppdrag for NVE, Energiforsyningens bransjeorganisasjon, Norsk fjernvarmeforening, Innovasjon Norge,\u00a0Forbrukerr\u00e5det og diverse konsulentselskaper innen energibransjen. Oppdragenes art har v\u00e6rt av ulik faglig karakter. Fra \u00f8konomisk- tekniske analyser til produksjon av tekst i publikasjoner.<\/p>\n<p>&nbsp;<\/p>\n<p><strong>\u00a01999 \u2013 2004\u00a0\u00a0\u00a0\u00a0\u00a0\u00a0 Avdelingsdirekt\u00f8r i Olje- og energidepartementet, leder av NYE-seksjonen<\/strong><\/p>\n<p>Seksjonen hadde ansvar for de etter hvert ganske omfattende st\u00f8tteordninger til en\u00f8k og nye, fornybare energikilder. NVE hadde det praktiske ansvaret med prioritering av fordeling av midlene, noe som kom i konflikt med NVEs rolle som konsesjonsmyndighet. I tillegg var det viktig \u00e5 styre st\u00f8tteordningen over tid, noe som kom i konflikt med den \u00e5rlige budsjettprosessen i Stortinget.<\/p>\n<p>Arbeidet konsentrerte seg derfor om \u00e5 f\u00e5 til en hensiktsmessig endring av myndighetenes st\u00f8tteordninger for omlegging av energibruken. L\u00f8sningen ble \u00e5 etablere ENOVA.<\/p>\n<p>&nbsp;<\/p>\n<p><strong>1993 \u2013 1999\u00a0\u00a0\u00a0\u00a0\u00a0 Avdelingsdirekt\u00f8r, Olje- og energidepartementet, leder av Energiseksjonen<\/strong><\/p>\n<p>Seksjonen hadde budsjettansvaret for departementets st\u00f8tte til en\u00f8k og nye, fornybare energikilder. Det praktiske arbeidet med tildeling av st\u00f8tte og evaluering av resultater ble utf\u00f8rt av NVE. Utvikling av m\u00e5l og resultatstyring for de \u00f8konomiske st\u00f8tteordningene til EN\u00d8K og fornybar energi ble gjort i samarbeid med NVE.<\/p>\n<p>Ogs\u00e5 budsjettansvaret for energiforsking utenom oljerelatert forskning knyttet l\u00e5 i seksjonen.<\/p>\n<p>Seksjonen hadde i tillegg ansvaret for mange generelle energipolitiske saker, blant annet utarbeide foredrag for politisk ledelse og koordinering av avdelingens internasjonale samarbeid og deltagelse i en rekke internasjonale samarbeidsorganer p\u00e5 energiomr\u00e5det.<\/p>\n<p>Seksjonen arbeidet ogs\u00e5 med bruk av gass i Norge og \u00f8konomisk og milj\u00f8messige vurderinger av gasskraftverk, blant annet i forbindelse med saksbehandlingen av anke p\u00e5 konsesjonss\u00f8knad for gasskraft.<\/p>\n<p>Jeg var i flere \u00e5r norsk representant i IEA\/OECD, gruppe for langsiktig samarbeid og i to \u00e5r ogs\u00e5 leder av et programstyre i Forskningsr\u00e5det (Energi og Samfunn).<\/p>\n<p>&nbsp;<\/p>\n<p><strong>1988 \u2013 1993\u00a0\u00a0\u00a0\u00a0\u00a0\u00a0\u00a0 Byr\u00e5sjef i Olje- og energidepartementet<\/strong><\/p>\n<p>Utarbeiding av forslag til ny energilov ble fra f\u00f8rste stund mitt hovedarbeidsfelt og var fram til 1992 den eneste i avdelingen med dette som hovedoppgave. Det f\u00f8rste forslaget til lov ble lagt fram av en Ap regjering i 1989 og hadde et klart &laquo;sosialdemokratisk&raquo; preg. Den ble ikke vedtatt og trukket tilbake av den borgerlige regjeringen som kom h\u00f8sten 1989. Den andre loven hadde f\u00e5 formelle, juridiske endringer i forhold til den f\u00f8rste, men premissen for hvordan loven skulle tolkes og brukes ble mer tydelig markeds- og konkurranseorientert &#8211; en &laquo;borgerlig&raquo; energilov.\u00a0 Etter at energiloven ble vedtatt i Stortinget i 1990 fortsatte jeg arbeidet med en omorganisering av Statkraft, etablering av Statnett og Nord Pool i samsvar med lovens krav om tilrettelegging av markedssituasjonen.<\/p>\n<p>&nbsp;<\/p>\n<p><strong>1985 \u2013 1988\u00a0\u00a0\u00a0\u00a0\u00a0\u00a0\u00a0 Oljedirektoratet(OD), Spesialr\u00e5dgiver<\/strong><\/p>\n<p>Arbeidsoppgavene var knyttet til \u00f8konomiske vurderinger av felt under evaluering og planlegging og planer for utbygging og drift. En viktig rolle for direktoratet er \u00e5 vurdere muligheten for \u00e5 se utbygginger i ulike felt og lisenser i sammenheng. N\u00e5r det er ulike eiere i feltene kan de enkelte oljeselskaper ha andre prioriteringer enn det som vil v\u00e6re gunstig for det norske samfunn og staten.<\/p>\n<p>Det faglige arbeidet besto i \u00e5 gi de politiske myndighetene et grunnlag for felles planlegging av ulike omr\u00e5der med flere oljefelt og forskjellige operat\u00f8rer og eiere. Blant de viktigste feltene jeg jobbet med var Snorre, Oseberg, Statfjordsatellitter og flere av feltene p\u00e5 Haltenbanken.<\/p>\n<p>Vurdering av injeksjons-strategi og prosesskapasitet p\u00e5 oljefelt og transportl\u00f8sninger for nye gassfelt var viktige elementer i dette arbeidet.<\/p>\n<p>Oljedirektoratets \u00f8konomiske og tekniske vurderinger av utbyggingsplaner bidro i mange tilfeller til endring av oljeselskapenes planer i en retning som ga bedre samfunns\u00f8konomisk utbygginger.<\/p>\n<p>Selv bidro jeg ogs\u00e5 til \u00e5 styrke det faglig samarbeid mellom \u00f8konomer og geologer i vurdering av lete-strategi ved tildeling av nye blokker ved \u00e5 videreutvikle metodene for evalueringen av lisenser f\u00f8r tildeling. Det ble laget anslag for den sannsynlige \u00f8konomiske verdien av lisensene f\u00f8r det var foretatt boringer og seismikken kunne bare gi indikasjoner p\u00e5 mulige reservoarer.<\/p>\n<p>&nbsp;<\/p>\n<p><strong>1979 \u2013 1985\u00a0\u00a0\u00a0\u00a0\u00a0\u00a0\u00a0 Milj\u00f8verndepartementet, konsulent, avdelingsingeni\u00f8r<\/strong><\/p>\n<p>Ansatt p\u00e5 energikontoret i Milj\u00f8verndepartementets ressursavdeling. Kontoret hadde en l\u00f8pende vurdering av generelle energipolitiske sp\u00f8rsm\u00e5l. Sentralt i arbeidet sto utviklingen av nasjonale kraftprognoser som grunnlaget for \u00e5 tildele nye vassdragskonsesjoner. Bidro til en vesentlig forbedring av prognosearbeidet gjennom \u00e5 lage ressursregnskap for energi i samarbeid med Statistisk Sentralbyr\u00e5. Kraftprognosene fikk et forbedret faglig grunnlag. Fylkesvise energiprognoser var ikke konsistente med prognoser basert p\u00e5 nasjonale data og bruk av nasjonale prognoser f\u00f8rte til en kraftig reduksjon i behovet for nye vannkraftprosjekter.<\/p>\n<p>Manglende samsvar mellom kraftpriser og utbyggingskostnader for vassdrag ga st\u00f8tet til utvikling av \u00abSamlet Plan\u00bb for vassdrag som prioriterte nye utbyggingsprosjekter etter lavest kostnad og lavest samlet milj\u00f8kostnad. Prosjektet kan i dag ses p\u00e5 som en plan\u00f8konomisk metode for \u00e5 oppn\u00e5 balanse mellom kraftettersp\u00f8rsel og samfunnsmessig kostnad slik kraftmarkedets rolle skulle bli fra 1991. Men bruken av markeder for \u00e5 oppn\u00e5 dette ble nevnt allerede i Stortingsproposisjon nr. 63 (1984-85) om Samlet Plan for vassdrag.<\/p>\n<p>&nbsp;<\/p>\n<p><strong>1983\/1984\u00a0\u00a0\u00a0\u00a0\u00a0\u00a0\u00a0\u00a0\u00a0Overingeni\u00f8r, Norges vassdrag og energidirektorat (NVE),<\/strong><\/p>\n<p>Utarbeiding og tilrettelegging av energistatistikk. Utarbeide \u00e5rlig brosjyre om energi i Norge. Startet arbeidet med \u00e5 vurdere alternativer for organiseringen av NVEs en\u00f8k-arbeid. Jeg gjorde ikke s\u00e5 mye nytte for NVE dette \u00e5ret, men NVE gjorde stor nytte for meg. Gjennom faglige samtaler med andre medarbeidere fikk jeg en innsikt i arbeidsm\u00e5ter og metode som ble nyttig for meg i senere stillinger.<\/p>\n<p>&nbsp;<\/p>\n<p><strong>1978 \u2013 1979\u00a0\u00a0\u00a0\u00a0\u00a0\u00a0\u00a0 Lektor, Sl\u00e5thaug skole, Nesttun pr Bergen,<\/strong><\/p>\n<p>Regnskap, Rettsl\u00e6re<\/p>\n<p>&nbsp;<\/p>\n<p><strong>Verv utenom arbeid:<\/strong><\/p>\n<p>Legdommer ved Oslo Tingrett fra 2000, gjenoppnevnt for perioden 2012 til 2016.<\/p>\n<p>Styremedlem i Stavanger Venstre 1986 til 1988.\u00a0 Jeg var ogs\u00e5, i flere \u00e5r, styremedlem i Venstres bydelslag i St Hanshaugen, Oslo p\u00e5 90-tallet.<\/p>\n<p>&nbsp;<\/p>\n<p><strong>Private interesser<\/strong>:<\/p>\n<p>Friluftsliv: Lange fjellvandringer.\u00a0 Blant annet fra Atlanterhavet til Middelhavet gjennom Pyreneene, tvers over England et par ganger, p\u00e5 skr\u00e5 og p\u00e5 tvers over Korsika og langs den liguriske fjellkjede i Italia. Gikk ogs\u00e5 fra Oslo til Hardangerfjorden en gang for mange \u00e5r siden, lenge f\u00f8r monstermastene ble p\u00e5tenkt.<\/p>\n<p>Musikk: Spiller piano til husbruk og av og til for gode venner og kolleger.<\/p>\n","protected":false},"excerpt":{"rendered":"<p>Svein Roar Brunborg Personalia: F\u00f8dt 14.september 1950, Kristiansand Kontoradresse: Meltzersgate 4, Oslo Privatadresse: Brageveien 3 b, 0452 OSLO Telefon, mobil: 906 22 764. E-post: s-r-b@frisurf.no \u00a0 &nbsp; En liten vandring gjennom min yrkeserfaring: Jeg har 40 \u00e5rs erfaring fra arbeid med energipolitiske sp\u00f8rsm\u00e5l. Jeg studerte kjemi ved NTH (i dag heter det NTNU) et fag som gir en viktig faglig forst\u00e5else av energi som fenomen og hvordan det griper inn i viktige samfunnsprosesser. Etter milit\u00e6rtjeneste fortsatt jeg mine studier p\u00e5<\/p>\n","protected":false},"author":1,"featured_media":0,"parent":9,"menu_order":1,"comment_status":"closed","ping_status":"closed","template":"","meta":{"footnotes":""},"class_list":["post-22","page","type-page","status-publish","hentry"],"_links":{"self":[{"href":"https:\/\/energipolitisk.no\/index.php?rest_route=\/wp\/v2\/pages\/22","targetHints":{"allow":["GET"]}}],"collection":[{"href":"https:\/\/energipolitisk.no\/index.php?rest_route=\/wp\/v2\/pages"}],"about":[{"href":"https:\/\/energipolitisk.no\/index.php?rest_route=\/wp\/v2\/types\/page"}],"author":[{"embeddable":true,"href":"https:\/\/energipolitisk.no\/index.php?rest_route=\/wp\/v2\/users\/1"}],"replies":[{"embeddable":true,"href":"https:\/\/energipolitisk.no\/index.php?rest_route=%2Fwp%2Fv2%2Fcomments&post=22"}],"version-history":[{"count":12,"href":"https:\/\/energipolitisk.no\/index.php?rest_route=\/wp\/v2\/pages\/22\/revisions"}],"predecessor-version":[{"id":748,"href":"https:\/\/energipolitisk.no\/index.php?rest_route=\/wp\/v2\/pages\/22\/revisions\/748"}],"up":[{"embeddable":true,"href":"https:\/\/energipolitisk.no\/index.php?rest_route=\/wp\/v2\/pages\/9"}],"wp:attachment":[{"href":"https:\/\/energipolitisk.no\/index.php?rest_route=%2Fwp%2Fv2%2Fmedia&parent=22"}],"curies":[{"name":"wp","href":"https:\/\/api.w.org\/{rel}","templated":true}]}}