{"id":72,"date":"2014-07-03T10:31:09","date_gmt":"2014-07-03T10:31:09","guid":{"rendered":"http:\/\/energipolitisk.no\/?page_id=72"},"modified":"2014-08-15T15:03:39","modified_gmt":"2014-08-15T13:03:39","slug":"om-energiloven","status":"publish","type":"page","link":"https:\/\/energipolitisk.no\/?page_id=72","title":{"rendered":"Om Energiloven"},"content":{"rendered":"<p>P\u00e5 denne siden vil det etter hvert komme en h\u00e5ndfull artikler om innf\u00f8ringen av energiloven og kraftmarkedet i Norge.<\/p>\n<p>F\u00f8rst en liten historisk orientering om lovgrunnlaget og markedets rolle f\u00f8r en ny energilov\u00a0ble vedtatt i juni 1990.<\/p>\n<p>Dernest en artikkel om &laquo;<a title=\"Energiloven sett innenfra\" href=\"http:\/\/energipolitisk.no\/innforingen-av-energiloven-sett-innenfra\/\" target=\"_blank\">innf\u00f8ringen av energiloven sett innenfra<\/a>&raquo; som tidligere har blitt publisert i et publikasjon fra NVE i 2007 i anledning 15 \u00e5rs jubileet for innf\u00f8ringen av denne loven.<\/p>\n<p>&laquo;<strong>Et kraftmarked blir til.<\/strong> Et tilbakeblikk p\u00e5 den norske kraftmarkedsreformen.&raquo;<\/p>\n<p>S\u00e5 vil det komme en side med en gjennomgang av de viktigste elementene i denne loven.<\/p>\n<p>Til sist vil det komme en side med tanker om hva som b\u00f8r endres i dette lovverket og hvordan loven b\u00f8r praktiseres.<\/p>\n<p>&nbsp;<\/p>\n","protected":false},"excerpt":{"rendered":"<p>P\u00e5 denne siden vil det etter hvert komme en h\u00e5ndfull artikler om innf\u00f8ringen av energiloven og kraftmarkedet i Norge. F\u00f8rst en liten historisk orientering om lovgrunnlaget og markedets rolle f\u00f8r en ny energilov\u00a0ble vedtatt i juni 1990. Dernest en artikkel om &laquo;innf\u00f8ringen av energiloven sett innenfra&raquo; som tidligere har blitt publisert i et publikasjon fra NVE i 2007 i anledning 15 \u00e5rs jubileet for innf\u00f8ringen av denne loven. &laquo;Et kraftmarked blir til. Et tilbakeblikk p\u00e5 den norske kraftmarkedsreformen.&raquo; S\u00e5 vil<\/p>\n","protected":false},"author":1,"featured_media":0,"parent":0,"menu_order":3,"comment_status":"closed","ping_status":"closed","template":"","meta":{"footnotes":""},"class_list":["post-72","page","type-page","status-publish","hentry"],"_links":{"self":[{"href":"https:\/\/energipolitisk.no\/index.php?rest_route=\/wp\/v2\/pages\/72","targetHints":{"allow":["GET"]}}],"collection":[{"href":"https:\/\/energipolitisk.no\/index.php?rest_route=\/wp\/v2\/pages"}],"about":[{"href":"https:\/\/energipolitisk.no\/index.php?rest_route=\/wp\/v2\/types\/page"}],"author":[{"embeddable":true,"href":"https:\/\/energipolitisk.no\/index.php?rest_route=\/wp\/v2\/users\/1"}],"replies":[{"embeddable":true,"href":"https:\/\/energipolitisk.no\/index.php?rest_route=%2Fwp%2Fv2%2Fcomments&post=72"}],"version-history":[{"count":3,"href":"https:\/\/energipolitisk.no\/index.php?rest_route=\/wp\/v2\/pages\/72\/revisions"}],"predecessor-version":[{"id":460,"href":"https:\/\/energipolitisk.no\/index.php?rest_route=\/wp\/v2\/pages\/72\/revisions\/460"}],"wp:attachment":[{"href":"https:\/\/energipolitisk.no\/index.php?rest_route=%2Fwp%2Fv2%2Fmedia&parent=72"}],"curies":[{"name":"wp","href":"https:\/\/api.w.org\/{rel}","templated":true}]}}