{"id":9,"date":"2019-02-20T12:26:37","date_gmt":"2019-02-20T10:26:37","guid":{"rendered":"http:\/\/energipolitisk.no\/?page_id=9"},"modified":"2019-02-21T17:02:46","modified_gmt":"2019-02-21T15:02:46","slug":"kontakt-radgiving","status":"publish","type":"page","link":"https:\/\/energipolitisk.no\/?page_id=9","title":{"rendered":"Tjenester &#038; R\u00e5dgiving"},"content":{"rendered":"<p>KONTAKTDETALJER:<\/p>\n<p><strong><a href=\"http:\/\/energipolitisk.no\/wp-content\/uploads\/2019\/02\/IMG_4836-002-e1550751114470.jpg\"><img loading=\"lazy\" decoding=\"async\" class=\"alignleft size-medium wp-image-743\" src=\"http:\/\/energipolitisk.no\/wp-content\/uploads\/2019\/02\/IMG_4836-002-300x289.jpg\" alt=\"IMG_4836 (002)\" width=\"300\" height=\"289\" \/><\/a>Svein Roar Brunborg<br \/>\n<\/strong>Sivilingeni\u00f8r &#8211; Sivil\u00f8konom &#8211; Energir\u00e5dgiver<\/p>\n<p>Telefon: +47 906 22 764<br \/>\nEmail: s-r-b@frisurf.no<\/p>\n<p>Meltzersgate 4, 0257 Oslo<\/p>\n","protected":false},"excerpt":{"rendered":"<p>KONTAKTDETALJER: Svein Roar Brunborg Sivilingeni\u00f8r &#8211; Sivil\u00f8konom &#8211; Energir\u00e5dgiver Telefon: +47 906 22 764 Email: s-r-b@frisurf.no Meltzersgate 4, 0257 Oslo<\/p>\n","protected":false},"author":1,"featured_media":0,"parent":0,"menu_order":4,"comment_status":"closed","ping_status":"closed","template":"","meta":{"footnotes":""},"class_list":["post-9","page","type-page","status-publish","hentry"],"_links":{"self":[{"href":"https:\/\/energipolitisk.no\/index.php?rest_route=\/wp\/v2\/pages\/9","targetHints":{"allow":["GET"]}}],"collection":[{"href":"https:\/\/energipolitisk.no\/index.php?rest_route=\/wp\/v2\/pages"}],"about":[{"href":"https:\/\/energipolitisk.no\/index.php?rest_route=\/wp\/v2\/types\/page"}],"author":[{"embeddable":true,"href":"https:\/\/energipolitisk.no\/index.php?rest_route=\/wp\/v2\/users\/1"}],"replies":[{"embeddable":true,"href":"https:\/\/energipolitisk.no\/index.php?rest_route=%2Fwp%2Fv2%2Fcomments&post=9"}],"version-history":[{"count":5,"href":"https:\/\/energipolitisk.no\/index.php?rest_route=\/wp\/v2\/pages\/9\/revisions"}],"predecessor-version":[{"id":761,"href":"https:\/\/energipolitisk.no\/index.php?rest_route=\/wp\/v2\/pages\/9\/revisions\/761"}],"wp:attachment":[{"href":"https:\/\/energipolitisk.no\/index.php?rest_route=%2Fwp%2Fv2%2Fmedia&parent=9"}],"curies":[{"name":"wp","href":"https:\/\/api.w.org\/{rel}","templated":true}]}}